{"id":10,"date":"2026-05-16T17:40:01","date_gmt":"2026-05-16T17:40:01","guid":{"rendered":"https:\/\/rwanda-vibes.com\/?page_id=10"},"modified":"2026-05-16T17:40:02","modified_gmt":"2026-05-16T17:40:02","slug":"impressum-legal-notice","status":"publish","type":"page","link":"https:\/\/rwanda-vibes.com\/?page_id=10","title":{"rendered":"Impressum \/ Legal Notice"},"content":{"rendered":"\n<p>Here&#8217;s the Impressum. Go to WordPress \u2192&nbsp;<strong>Pages \u2192 Add New<\/strong>&nbsp;\u2192 title it&nbsp;<strong>Impressum \/ Legal Notice<\/strong>:<\/p>\n\n\n\n<hr class=\"wp-block-separator has-alpha-channel-opacity\"\/>\n\n\n\n<p><strong>IMPRESSUM<\/strong><\/p>\n\n\n\n<p><strong>Angaben gem\u00e4\u00df \u00a7 5 TMG<\/strong><\/p>\n\n\n\n<p>Rwanda Vibes and Ventures Kigali, Rwanda<\/p>\n\n\n\n<p>E-Mail: hello@rwanda-vibes.com Website: rwanda-vibes.com<\/p>\n\n\n\n<p><strong>Hinweis<\/strong>&nbsp;Das Unternehmen befindet sich derzeit in der Gr\u00fcndungsphase und wird in Ruanda registriert. Handelsregisternummer und weitere Angaben werden nach Abschluss der Registrierung erg\u00e4nzt.<\/p>\n\n\n\n<p><strong>Verantwortlich f\u00fcr den Inhalt nach \u00a7 55 Abs. 2 RStV<\/strong>&nbsp;Rwanda Vibes and Ventures, Kigali, Rwanda<\/p>\n\n\n\n<p><strong>Haftungsausschluss<\/strong>&nbsp;Die Inhalte dieser Website wurden mit gr\u00f6\u00dftm\u00f6glicher Sorgfalt erstellt. F\u00fcr die Richtigkeit, Vollst\u00e4ndigkeit und Aktualit\u00e4t der Inhalte k\u00f6nnen wir jedoch keine Gew\u00e4hr \u00fcbernehmen.<\/p>\n\n\n\n<hr class=\"wp-block-separator has-alpha-channel-opacity\"\/>\n\n\n\n<p><strong>LEGAL NOTICE (English)<\/strong><\/p>\n\n\n\n<p>Rwanda Vibes and Ventures Kigali, Rwanda<\/p>\n\n\n\n<p>Email: hello@rwanda-vibes.com Website: rwanda-vibes.com<\/p>\n\n\n\n<p><strong>Note<\/strong>&nbsp;The company is currently in the process of registration in Rwanda. Registration number and further details will be added upon completion of registration.<\/p>\n\n\n\n<p><strong>Responsible for content<\/strong>&nbsp;Rwanda Vibes and Ventures, Kigali, Rwanda<\/p>\n\n\n\n<p><strong>Disclaimer<\/strong>&nbsp;The contents of this website have been compiled with the utmost care. However, we cannot guarantee the accuracy, completeness or timeliness of the content.<\/p>\n\n\n\n<hr class=\"wp-block-separator has-alpha-channel-opacity\"\/>\n\n\n\n<p>Create the page, publish it, then add it to the footer menu \u2014 it must be accessible from every page within two clicks under German law.<\/p>\n","protected":false},"excerpt":{"rendered":"<p>Here&#8217;s the Impressum. Go to WordPress \u2192&nbsp;Pages \u2192 Add New&nbsp;\u2192 title it&nbsp;Impressum \/ Legal Notice: IMPRESSUM Angaben gem\u00e4\u00df \u00a7 5 TMG Rwanda Vibes and Ventures Kigali, Rwanda E-Mail: hello@rwanda-vibes.com Website: rwanda-vibes.com Hinweis&nbsp;Das Unternehmen befindet sich derzeit in der Gr\u00fcndungsphase und wird in Ruanda registriert. Handelsregisternummer und weitere Angaben werden nach Abschluss der Registrierung erg\u00e4nzt. Verantwortlich [&hellip;]<\/p>\n","protected":false},"author":1,"featured_media":0,"parent":0,"menu_order":0,"comment_status":"closed","ping_status":"closed","template":"","meta":{"footnotes":""},"class_list":["post-10","page","type-page","status-publish","hentry"],"_links":{"self":[{"href":"https:\/\/rwanda-vibes.com\/index.php?rest_route=\/wp\/v2\/pages\/10","targetHints":{"allow":["GET"]}}],"collection":[{"href":"https:\/\/rwanda-vibes.com\/index.php?rest_route=\/wp\/v2\/pages"}],"about":[{"href":"https:\/\/rwanda-vibes.com\/index.php?rest_route=\/wp\/v2\/types\/page"}],"author":[{"embeddable":true,"href":"https:\/\/rwanda-vibes.com\/index.php?rest_route=\/wp\/v2\/users\/1"}],"replies":[{"embeddable":true,"href":"https:\/\/rwanda-vibes.com\/index.php?rest_route=%2Fwp%2Fv2%2Fcomments&post=10"}],"version-history":[{"count":1,"href":"https:\/\/rwanda-vibes.com\/index.php?rest_route=\/wp\/v2\/pages\/10\/revisions"}],"predecessor-version":[{"id":11,"href":"https:\/\/rwanda-vibes.com\/index.php?rest_route=\/wp\/v2\/pages\/10\/revisions\/11"}],"wp:attachment":[{"href":"https:\/\/rwanda-vibes.com\/index.php?rest_route=%2Fwp%2Fv2%2Fmedia&parent=10"}],"curies":[{"name":"wp","href":"https:\/\/api.w.org\/{rel}","templated":true}]}}